{"id":1215,"date":"2020-11-14T11:26:07","date_gmt":"2020-11-14T11:26:07","guid":{"rendered":"https:\/\/www.cias-online.com\/?page_id=1215"},"modified":"2020-11-15T14:23:05","modified_gmt":"2020-11-15T14:23:05","slug":"engineering-services","status":"publish","type":"page","link":"https:\/\/www.cias-online.com\/?page_id=1215","title":{"rendered":"Engineering Services"},"content":{"rendered":"<div id='av-layout-grid-1'  class='av-layout-grid-container av-8lmi33-8e4d092e3848fef5910a5efce7e57822 entry-content-wrapper main_color av-flex-cells  avia-builder-el-0  el_before_av_heading  avia-builder-el-first   container_wrap sidebar_right'  >\n\n<style type=\"text\/css\" data-created_by=\"avia_inline_auto\" id=\"style-css-av-khhltb91-9ee750b62c9b35d80752466ef84bbdb2\">\n.flex_cell.av-khhltb91-9ee750b62c9b35d80752466ef84bbdb2{\nvertical-align:middle;\nheight:500px;\nmin-height:500px;\npadding:0px 0px 0px 0px;\nbackground:url(https:\/\/www.cias-online.com\/wp-content\/uploads\/2016\/02\/hospital.jpg) 100% 100% no-repeat scroll #22689e;\n}\n<\/style>\n<div class='flex_cell av_one_half av-khhltb91-9ee750b62c9b35d80752466ef84bbdb2 no_margin  avia-builder-el-1  el_before_av_cell_one_half  avia-builder-el-first  av-zero-padding avia-full-stretch' ><div class='flex_cell_inner'><\/div><\/div>\n<style type=\"text\/css\" data-created_by=\"avia_inline_auto\" id=\"style-css-av-6tk1of-19e15bd1b3ef8d3cf1991705b1a223db\">\n.flex_cell.av-6tk1of-19e15bd1b3ef8d3cf1991705b1a223db{\nvertical-align:middle;\nheight:500px;\nmin-height:500px;\npadding:80px 80px 80px 80px;\nbackground-color:#22689e;\n}\n<\/style>\n<div class='flex_cell av_one_half av-6tk1of-19e15bd1b3ef8d3cf1991705b1a223db no_margin  avia-builder-el-2  el_after_av_cell_one_half  avia-builder-el-last ' ><div class='flex_cell_inner'>\n<style type=\"text\/css\" data-created_by=\"avia_inline_auto\" id=\"style-css-av-av_heading-4578793208a69c79291955988994cb38\">\n#top .av-special-heading.av-av_heading-4578793208a69c79291955988994cb38{\npadding-bottom:25px;\ncolor:#ffffff;\nfont-size:34px;\n}\nbody .av-special-heading.av-av_heading-4578793208a69c79291955988994cb38 .av-special-heading-tag .heading-char{\nfont-size:25px;\n}\n#top #wrap_all .av-special-heading.av-av_heading-4578793208a69c79291955988994cb38 .av-special-heading-tag{\nfont-size:34px;\n}\n.av-special-heading.av-av_heading-4578793208a69c79291955988994cb38 .special-heading-inner-border{\nborder-color:#ffffff;\n}\n.av-special-heading.av-av_heading-4578793208a69c79291955988994cb38 .av-subheading{\nfont-size:15px;\n}\n<\/style>\n<div  class='av-special-heading av-av_heading-4578793208a69c79291955988994cb38 av-special-heading-h3 custom-color-heading blockquote modern-quote  avia-builder-el-3  avia-builder-el-no-sibling  av-inherit-size'><h3 class='av-special-heading-tag'  itemprop=\"headline\"  >Engineering Services<\/h3><div class=\"special-heading-border\"><div class=\"special-heading-inner-border\"><\/div><\/div><\/div>\n<\/div><\/div><\/div><div id='after_grid_row_1'  class='main_color av_default_container_wrap container_wrap sidebar_right'  ><div class='container av-section-cont-open' ><div class='template-page content  av-content-small alpha units'><div class='post-entry post-entry-type-page post-entry-1215'><div class='entry-content-wrapper clearfix'>\n<style type=\"text\/css\" data-created_by=\"avia_inline_auto\" id=\"style-css-av-av_heading-dfe1bce40a67241c76d9187c76de8ef4\">\n#top .av-special-heading.av-av_heading-dfe1bce40a67241c76d9187c76de8ef4{\npadding-bottom:20px;\nfont-size:34px;\n}\nbody .av-special-heading.av-av_heading-dfe1bce40a67241c76d9187c76de8ef4 .av-special-heading-tag .heading-char{\nfont-size:25px;\n}\n#top #wrap_all .av-special-heading.av-av_heading-dfe1bce40a67241c76d9187c76de8ef4 .av-special-heading-tag{\nfont-size:34px;\n}\n.av-special-heading.av-av_heading-dfe1bce40a67241c76d9187c76de8ef4 .av-subheading{\nfont-size:15px;\n}\n<\/style>\n<div  class='av-special-heading av-av_heading-dfe1bce40a67241c76d9187c76de8ef4 av-special-heading-h3 blockquote modern-quote  avia-builder-el-4  el_after_av_layout_row  el_before_av_textblock  avia-builder-el-first  av-inherit-size'><div class='av-subheading av-subheading_above'><p>CIAS unterst\u00fctzt seine Kunden<\/p>\n<\/div><h3 class='av-special-heading-tag'  itemprop=\"headline\"  >Qualifikation<\/h3><div class=\"special-heading-border\"><div class=\"special-heading-inner-border\"><\/div><\/div><\/div><\/p>\n<section  class='av_textblock_section av-khhls6aw-8208ad9833976cb4812fe306252beffc'  itemscope=\"itemscope\" itemtype=\"https:\/\/schema.org\/CreativeWork\" ><div class='avia_textblock'  itemprop=\"text\" ><p>CIAS unterst\u00fctzt seine Kunden bei der Qualifikation und Dokumentation von Systemen und Equipment, erstellt Dokumente von der Systemspezifikation bis zum Qualifikationsplan.<\/p>\n<h6>Qualit\u00e4tsmanagement und Qualit\u00e4tssicherung<\/h6>\n<p>Das Kompetenzteam im Bereich Qualit\u00e4t liefert einen wertvollen Beitrag zur Sicherung der hohen Qualit\u00e4tsstandards beim Kunden vor Ort.<br \/>\nDie operative Qualit\u00e4tslenkung in der Produktentwicklung und -fertigung bedeutet f\u00fcr CIAS systematisches Risiko- und Problemmanagement mit dem Ziel, die hohen Qualit\u00e4tsanforderungen zu sichern.<br \/>\nProzessmanagement und die Einf\u00fchrung neuer Methoden und Standards vor allem im Rahmen von Verbesserungsprozessen runden das Portfolio ab.<\/p>\n<\/div><\/section>\n","protected":false},"excerpt":{"rendered":"","protected":false},"author":1,"featured_media":0,"parent":0,"menu_order":0,"comment_status":"closed","ping_status":"closed","template":"","meta":{"footnotes":""},"class_list":["post-1215","page","type-page","status-publish","hentry"],"_links":{"self":[{"href":"https:\/\/www.cias-online.com\/index.php?rest_route=\/wp\/v2\/pages\/1215","targetHints":{"allow":["GET"]}}],"collection":[{"href":"https:\/\/www.cias-online.com\/index.php?rest_route=\/wp\/v2\/pages"}],"about":[{"href":"https:\/\/www.cias-online.com\/index.php?rest_route=\/wp\/v2\/types\/page"}],"author":[{"embeddable":true,"href":"https:\/\/www.cias-online.com\/index.php?rest_route=\/wp\/v2\/users\/1"}],"replies":[{"embeddable":true,"href":"https:\/\/www.cias-online.com\/index.php?rest_route=%2Fwp%2Fv2%2Fcomments&post=1215"}],"version-history":[{"count":4,"href":"https:\/\/www.cias-online.com\/index.php?rest_route=\/wp\/v2\/pages\/1215\/revisions"}],"predecessor-version":[{"id":1222,"href":"https:\/\/www.cias-online.com\/index.php?rest_route=\/wp\/v2\/pages\/1215\/revisions\/1222"}],"wp:attachment":[{"href":"https:\/\/www.cias-online.com\/index.php?rest_route=%2Fwp%2Fv2%2Fmedia&parent=1215"}],"curies":[{"name":"wp","href":"https:\/\/api.w.org\/{rel}","templated":true}]}}