{"id":952,"date":"2016-07-15T14:19:28","date_gmt":"2016-07-15T14:19:28","guid":{"rendered":"http:\/\/test.kriesi.at\/enfold-medical\/?page_id=952"},"modified":"2020-11-14T10:44:11","modified_gmt":"2020-11-14T10:44:11","slug":"global-engineering","status":"publish","type":"page","link":"https:\/\/www.cias-online.com\/?page_id=952","title":{"rendered":"Global Engineering"},"content":{"rendered":"<div id='av-layout-grid-1'  class='av-layout-grid-container av-9to24o-fa511a95ae5732a708c3c995e8b9c151 entry-content-wrapper main_color av-flex-cells  avia-builder-el-0  el_before_av_layout_row  avia-builder-el-first   container_wrap sidebar_right'  >\n\n<style type=\"text\/css\" data-created_by=\"avia_inline_auto\" id=\"style-css-av-9qpu20-adf3c256f3c54c097489bd249400f940\">\n.flex_cell.av-9qpu20-adf3c256f3c54c097489bd249400f940{\nvertical-align:middle;\nheight:500px;\nmin-height:500px;\npadding:0px 0px 0px 0px;\nbackground:url(https:\/\/www.cias-online.com\/wp-content\/uploads\/2020\/11\/Fotolia_636761_M.jpg) 0% 0% no-repeat scroll #22689e;\n}\n<\/style>\n<div class='flex_cell av_one_half av-9qpu20-adf3c256f3c54c097489bd249400f940 no_margin  avia-builder-el-1  el_before_av_cell_one_half  avia-builder-el-first  av-zero-padding avia-full-stretch' ><div class='flex_cell_inner'><\/div><\/div>\n<style type=\"text\/css\" data-created_by=\"avia_inline_auto\" id=\"style-css-av-ygtps-6022a04a076a4516c9fff10b281534db\">\n.flex_cell.av-ygtps-6022a04a076a4516c9fff10b281534db{\nvertical-align:middle;\nheight:500px;\nmin-height:500px;\npadding:80px 80px 80px 80px;\nbackground-color:#22689e;\n}\n<\/style>\n<div class='flex_cell av_one_half av-ygtps-6022a04a076a4516c9fff10b281534db no_margin  avia-builder-el-2  el_after_av_cell_one_half  avia-builder-el-last ' ><div class='flex_cell_inner'><p>\n<style type=\"text\/css\" data-created_by=\"avia_inline_auto\" id=\"style-css-av-khhk9r79-8de775b0ec2771a9f169d438c5c9a271\">\n#top .av-special-heading.av-khhk9r79-8de775b0ec2771a9f169d438c5c9a271{\npadding-bottom:25px;\ncolor:#ffffff;\nfont-size:34px;\n}\nbody .av-special-heading.av-khhk9r79-8de775b0ec2771a9f169d438c5c9a271 .av-special-heading-tag .heading-char{\nfont-size:25px;\n}\n#top #wrap_all .av-special-heading.av-khhk9r79-8de775b0ec2771a9f169d438c5c9a271 .av-special-heading-tag{\nfont-size:34px;\n}\n.av-special-heading.av-khhk9r79-8de775b0ec2771a9f169d438c5c9a271 .special-heading-inner-border{\nborder-color:#ffffff;\n}\n.av-special-heading.av-khhk9r79-8de775b0ec2771a9f169d438c5c9a271 .av-subheading{\nfont-size:15px;\n}\n<\/style>\n<div  class='av-special-heading av-khhk9r79-8de775b0ec2771a9f169d438c5c9a271 av-special-heading-h3 custom-color-heading blockquote modern-quote  avia-builder-el-3  el_before_av_textblock  avia-builder-el-first  av-inherit-size'><h3 class='av-special-heading-tag'  itemprop=\"headline\"  >Global Engineering<\/h3><div class=\"special-heading-border\"><div class=\"special-heading-inner-border\"><\/div><\/div><\/div><br \/>\n\n<style type=\"text\/css\" data-created_by=\"avia_inline_auto\" id=\"style-css-av-95xlbs-5506e93c7c8ad3a37b5d472e165cc998\">\n#top .av_textblock_section.av-95xlbs-5506e93c7c8ad3a37b5d472e165cc998 .avia_textblock{\ncolor:#ffffff;\n}\n<\/style>\n<section  class='av_textblock_section av-95xlbs-5506e93c7c8ad3a37b5d472e165cc998'  itemscope=\"itemscope\" itemtype=\"https:\/\/schema.org\/CreativeWork\" ><div class='avia_textblock av_inherit_color'  itemprop=\"text\" ><p>Attraktive Stundens\u00e4tze sowie effiziente, zuverl\u00e4ssige und kosteng\u00fcnstige Kundenl\u00f6sungen erm\u00f6glichen eine schnelle Projektabwicklung zu wettbewerbsf\u00e4higen Preisen.<\/p>\n<\/div><\/section><\/p>\n<\/div><\/div><\/div><div id='av-layout-grid-2'  class='av-layout-grid-container av-4beb0w-a067b61896a719dc6c2368ec8539d8ad entry-content-wrapper main_color av-flex-cells  avia-builder-el-5  el_after_av_layout_row  avia-builder-el-last  grid-row-not-first  container_wrap sidebar_right'  >\n\n<style type=\"text\/css\" data-created_by=\"avia_inline_auto\" id=\"style-css-av-3g64cg-428b93234a56be2d4118f4cb5db99390\">\n.flex_cell.av-3g64cg-428b93234a56be2d4118f4cb5db99390{\nvertical-align:middle;\npadding:80px 80px 80px 80px;\n}\n<\/style>\n<div class='flex_cell av_one_full av-3g64cg-428b93234a56be2d4118f4cb5db99390 no_margin  avia-builder-el-6  avia-builder-el-no-sibling ' ><div class='flex_cell_inner'><section  class='av_textblock_section av-khhkb81t-641ca1547d315e69cfbad5fa760b1fd6'  itemscope=\"itemscope\" itemtype=\"https:\/\/schema.org\/CreativeWork\" ><div class='avia_textblock'  itemprop=\"text\" ><p>Bahnbrechende Neuentwicklungen in der Automobilindustrie sind heute nur durch das \u00dcberwinden geographischer, zeitlicher und physischer Grenzen m\u00f6glich. \u00dcber sein Konzept bietet <strong>CIAS<\/strong> das Outsourcing von Engineering Dienstleistungen an verschiedenen Zulieferer und OEM der automobilen und Industiellen Welt, vor allem im Mittelstand zu g\u00fcnstigeren Preisen als seine Konkurrenten mit Qualit\u00e4t als Ziel.<\/p>\n<p>Attraktive Stundens\u00e4tze sowie effiziente, zuverl\u00e4ssige und kosteng\u00fcnstige Kundenl\u00f6sungen erm\u00f6glichen eine schnelle Projektabwicklung zu wettbewerbsf\u00e4higen Preisen.<\/p>\n<\/div><\/section>\n<\/div><\/div><\/div><\/p>\n","protected":false},"excerpt":{"rendered":"","protected":false},"author":1,"featured_media":0,"parent":0,"menu_order":0,"comment_status":"closed","ping_status":"closed","template":"","meta":{"footnotes":""},"class_list":["post-952","page","type-page","status-publish","hentry"],"_links":{"self":[{"href":"https:\/\/www.cias-online.com\/index.php?rest_route=\/wp\/v2\/pages\/952","targetHints":{"allow":["GET"]}}],"collection":[{"href":"https:\/\/www.cias-online.com\/index.php?rest_route=\/wp\/v2\/pages"}],"about":[{"href":"https:\/\/www.cias-online.com\/index.php?rest_route=\/wp\/v2\/types\/page"}],"author":[{"embeddable":true,"href":"https:\/\/www.cias-online.com\/index.php?rest_route=\/wp\/v2\/users\/1"}],"replies":[{"embeddable":true,"href":"https:\/\/www.cias-online.com\/index.php?rest_route=%2Fwp%2Fv2%2Fcomments&post=952"}],"version-history":[{"count":2,"href":"https:\/\/www.cias-online.com\/index.php?rest_route=\/wp\/v2\/pages\/952\/revisions"}],"predecessor-version":[{"id":1201,"href":"https:\/\/www.cias-online.com\/index.php?rest_route=\/wp\/v2\/pages\/952\/revisions\/1201"}],"wp:attachment":[{"href":"https:\/\/www.cias-online.com\/index.php?rest_route=%2Fwp%2Fv2%2Fmedia&parent=952"}],"curies":[{"name":"wp","href":"https:\/\/api.w.org\/{rel}","templated":true}]}}