{"id":961,"date":"2016-07-15T14:21:20","date_gmt":"2016-07-15T14:21:20","guid":{"rendered":"http:\/\/test.kriesi.at\/enfold-medical\/?page_id=961"},"modified":"2020-11-14T10:54:28","modified_gmt":"2020-11-14T10:54:28","slug":"projekt-engineering","status":"publish","type":"page","link":"https:\/\/www.cias-online.com\/?page_id=961","title":{"rendered":"Projekt-Engineering"},"content":{"rendered":"<div id='av-layout-grid-1'  class='av-layout-grid-container av-1c8375-ecdd69801963e489c2b07f8db0fa86d5 entry-content-wrapper main_color av-flex-cells  avia-builder-el-0  el_before_av_heading  avia-builder-el-first   container_wrap sidebar_right'  >\n\n<style type=\"text\/css\" data-created_by=\"avia_inline_auto\" id=\"style-css-av-d6rb09-d40a661f0fab418193b1a52e96cc98ea\">\n.flex_cell.av-d6rb09-d40a661f0fab418193b1a52e96cc98ea{\nvertical-align:middle;\nheight:500px;\nmin-height:500px;\npadding:80px 80px 80px 80px;\nbackground-color:#22689e;\n}\n<\/style>\n<div class='flex_cell av_one_half av-d6rb09-d40a661f0fab418193b1a52e96cc98ea no_margin  avia-builder-el-1  el_before_av_cell_one_half  avia-builder-el-first  avia-full-stretch' ><div class='flex_cell_inner'>\n<style type=\"text\/css\" data-created_by=\"avia_inline_auto\" id=\"style-css-av-gxlyh-75ece3d2993b553c4b7b6003ceb00909\">\n#top .av-special-heading.av-gxlyh-75ece3d2993b553c4b7b6003ceb00909{\npadding-bottom:25px;\ncolor:#ffffff;\nfont-size:34px;\n}\nbody .av-special-heading.av-gxlyh-75ece3d2993b553c4b7b6003ceb00909 .av-special-heading-tag .heading-char{\nfont-size:25px;\n}\n#top #wrap_all .av-special-heading.av-gxlyh-75ece3d2993b553c4b7b6003ceb00909 .av-special-heading-tag{\nfont-size:34px;\n}\n.av-special-heading.av-gxlyh-75ece3d2993b553c4b7b6003ceb00909 .special-heading-inner-border{\nborder-color:#ffffff;\n}\n.av-special-heading.av-gxlyh-75ece3d2993b553c4b7b6003ceb00909 .av-subheading{\nfont-size:15px;\n}\n<\/style>\n<div  class='av-special-heading av-gxlyh-75ece3d2993b553c4b7b6003ceb00909 av-special-heading-h3 custom-color-heading blockquote modern-quote  avia-builder-el-2  avia-builder-el-no-sibling  av-inherit-size'><h3 class='av-special-heading-tag'  itemprop=\"headline\"  >Projekt-Engineering<\/h3><div class=\"special-heading-border\"><div class=\"special-heading-inner-border\"><\/div><\/div><\/div>\n<\/div><\/div>\n<style type=\"text\/css\" data-created_by=\"avia_inline_auto\" id=\"style-css-av-cljbx5-760ee1476236814150ca19a24c246bba\">\n.flex_cell.av-cljbx5-760ee1476236814150ca19a24c246bba{\nvertical-align:middle;\nheight:500px;\nmin-height:500px;\npadding:80px 80px 80px 80px;\nbackground:url(https:\/\/www.cias-online.com\/wp-content\/uploads\/2020\/11\/Fotolia_714559_M.jpg) 0% 50% no-repeat scroll #22689e;\n}\n<\/style>\n<div class='flex_cell av_one_half av-cljbx5-760ee1476236814150ca19a24c246bba no_margin  avia-builder-el-3  el_after_av_cell_one_half  avia-builder-el-last ' ><div class='flex_cell_inner'><\/div><\/div>\n<\/div><div id='after_grid_row_1'  class='main_color av_default_container_wrap container_wrap sidebar_right'  ><div class='container av-section-cont-open' ><div class='template-page content  av-content-small alpha units'><div class='post-entry post-entry-type-page post-entry-961'><div class='entry-content-wrapper clearfix'>\n\n<style type=\"text\/css\" data-created_by=\"avia_inline_auto\" id=\"style-css-av-av_heading-d055bd4e363754a00900567fede140ef\">\n#top .av-special-heading.av-av_heading-d055bd4e363754a00900567fede140ef{\npadding-bottom:20px;\nfont-size:34px;\n}\nbody .av-special-heading.av-av_heading-d055bd4e363754a00900567fede140ef .av-special-heading-tag .heading-char{\nfont-size:25px;\n}\n#top #wrap_all .av-special-heading.av-av_heading-d055bd4e363754a00900567fede140ef .av-special-heading-tag{\nfont-size:34px;\n}\n.av-special-heading.av-av_heading-d055bd4e363754a00900567fede140ef .av-subheading{\nfont-size:15px;\n}\n<\/style>\n<div  class='av-special-heading av-av_heading-d055bd4e363754a00900567fede140ef av-special-heading-h3 blockquote modern-quote  avia-builder-el-4  el_after_av_layout_row  el_before_av_textblock  avia-builder-el-first  av-inherit-size'><div class='av-subheading av-subheading_above'><p>Erfahrene Projektingenieure unterst\u00fctzen die Kunden von CIAS im Bereich Projektmanagement und in interdisziplin\u00e4ren Projektteams insbesondere im Kostencontrolling, in der Terminplanung und in der technischen Projektabwicklung.<\/p>\n<\/div><h3 class='av-special-heading-tag'  itemprop=\"headline\"  >Erfahrene Projektingenieure<\/h3><div class=\"special-heading-border\"><div class=\"special-heading-inner-border\"><\/div><\/div><\/div>\n<section  class='av_textblock_section av-alpt7t-2247ea4d8383bdc0d0ef410e0cc93871'  itemscope=\"itemscope\" itemtype=\"https:\/\/schema.org\/CreativeWork\" ><div class='avia_textblock'  itemprop=\"text\" ><p>Die Einsatzfelder der CIAS Projektingenieure erstrecken sich \u00fcber kritische Phasen des<br \/>\nProduktentwicklungsprozesses, d.h. von der strategischen Planung bis zur Serienbetreuung.<\/p>\n<p>Hilswerk und unabdinbares Werkzeug spielen hier Softwareentwicklungswerkzeuge und Toolketten der Firma Vector Informatik (<strong>CANoe<\/strong>, <strong>CANape<\/strong>, <strong>CANalyzer<\/strong>). Dabei greifen wir auf die standardisierten Bustechnologien und Kommunikationssystemen zu (<strong>MOST<\/strong>, <strong>LIN<\/strong>, <strong>FlexRay<\/strong>, <strong>CAN<\/strong>, TCP\/UDP via <strong>Ethernet\/USB<\/strong>, <strong>GPS<\/strong>)<\/p>\n<p>Ferner bieten wir Softwareentwicklungsleistungen in der <strong>Programmierung von Anwendungen<\/strong> (<strong>Java, C, C++, C#, Assembler, XML, JSP<\/strong>) sowie Embedded-L\u00f6sungen wie etwas die <strong>Programmierung von Mikrocontrollern<\/strong> f\u00fcr diverse Steuerger\u00e4te der automobilen und industriellen Umfelder. Nat\u00fcrlich ist dabei die Echtzeitprogrammierung einer unserer Schwerpunkte.<\/p>\n<\/div><\/section>\n<\/div><\/div><\/div><!-- close content main div --><\/div><\/div><div id='av-layout-grid-2'  class='av-layout-grid-container av-a24xg1-7eb0983a549873fd31ddd903604e5f7e entry-content-wrapper main_color av-flex-cells  avia-builder-el-6  el_after_av_textblock  el_before_av_textblock  grid-row-not-first  container_wrap sidebar_right'  >\n\n<style type=\"text\/css\" data-created_by=\"avia_inline_auto\" id=\"style-css-av-za4i9-b5946a58ed3d715a791622c614d3005b\">\n.flex_cell.av-za4i9-b5946a58ed3d715a791622c614d3005b{\nvertical-align:middle;\nheight:500px;\nmin-height:500px;\npadding:0px 0px 0px 0px;\nbackground:url(https:\/\/www.cias-online.com\/wp-content\/uploads\/2020\/11\/WhatsApp-Image-2020-11-10-at-14.18.10-1.jpeg) 0% 0% no-repeat scroll #22689e;\n}\n<\/style>\n<div class='flex_cell av_one_half av-za4i9-b5946a58ed3d715a791622c614d3005b no_margin  avia-builder-el-7  el_before_av_cell_one_half  avia-builder-el-first  av-zero-padding avia-full-stretch' ><div class='flex_cell_inner'><\/div><\/div>\n<style type=\"text\/css\" data-created_by=\"avia_inline_auto\" id=\"style-css-av-9owkix-90392260b57d8065e3c91dabebca6eb6\">\n.flex_cell.av-9owkix-90392260b57d8065e3c91dabebca6eb6{\nvertical-align:middle;\nheight:500px;\nmin-height:500px;\npadding:80px 80px 80px 80px;\nbackground-color:#22689e;\n}\n<\/style>\n<div class='flex_cell av_one_half av-9owkix-90392260b57d8065e3c91dabebca6eb6 no_margin  avia-builder-el-8  el_after_av_cell_one_half  avia-builder-el-last ' ><div class='flex_cell_inner'>\n<style type=\"text\/css\" data-created_by=\"avia_inline_auto\" id=\"style-css-av-khhkguev-3ed6150d7a401f71c34427d74e53cfc5\">\n#top .av-special-heading.av-khhkguev-3ed6150d7a401f71c34427d74e53cfc5{\npadding-bottom:25px;\ncolor:#ffffff;\nfont-size:34px;\n}\nbody .av-special-heading.av-khhkguev-3ed6150d7a401f71c34427d74e53cfc5 .av-special-heading-tag .heading-char{\nfont-size:25px;\n}\n#top #wrap_all .av-special-heading.av-khhkguev-3ed6150d7a401f71c34427d74e53cfc5 .av-special-heading-tag{\nfont-size:34px;\n}\n.av-special-heading.av-khhkguev-3ed6150d7a401f71c34427d74e53cfc5 .special-heading-inner-border{\nborder-color:#ffffff;\n}\n.av-special-heading.av-khhkguev-3ed6150d7a401f71c34427d74e53cfc5 .av-subheading{\nfont-size:15px;\n}\n<\/style>\n<div  class='av-special-heading av-khhkguev-3ed6150d7a401f71c34427d74e53cfc5 av-special-heading-h3 custom-color-heading blockquote modern-quote  avia-builder-el-9  avia-builder-el-no-sibling  av-inherit-size'><h3 class='av-special-heading-tag'  itemprop=\"headline\"  >Fertigungs- und Test-Engineering<\/h3><div class=\"special-heading-border\"><div class=\"special-heading-inner-border\"><\/div><\/div><\/div>\n<\/div><\/div>\n<\/div><div id='after_grid_row_2'  class='main_color av_default_container_wrap container_wrap sidebar_right'  ><div class='container av-section-cont-open' ><div class='template-page content  av-content-small alpha units'><div class='post-entry post-entry-type-page post-entry-961'><div class='entry-content-wrapper clearfix'>\n<section  class='av_textblock_section av-6vnnpd-96f078d1b3ff7c2f967708e6b10588c5'  itemscope=\"itemscope\" itemtype=\"https:\/\/schema.org\/CreativeWork\" ><div class='avia_textblock'  itemprop=\"text\" ><p>Als Systemlieferant bietet CIAS ebenfalls Support bei der Optimierung von Fertigungsprozessen und Herstellkosten sowie beim Trouble-Shooting in der t\u00e4glichen Fertigung. Abgerundet wird dieser Support mit speziellen Kenntnissen aus dem Bereich der Prozessautomatisierung wie Regelungstechnik, Fernsteuerung und Ferndiagnose.<\/p>\n<p>Der Bereich Test-Engineering umfasst die ganzheitliche Betreuung von der Testspezifikation \u00fcber die Testdurchf\u00fchrung bis zur Testauswertung. Ebenfalls eingeschlossen ist die Abstimmung und L\u00f6sungsfindung bei den spezifischen Testanforderungen mit den jeweiligen Fachdisziplinen aus Design und Analytik. Eine umfassende Beratung und Betreuung bei der Automatisierung von Testprozessen in Form von Konzepten zur Kosten- und Personalsenkung bei gleichzeitiger Qualit\u00e4tserh\u00f6hung der gezielten Ergebnisse. Das Netzwerkmanagement (<strong>OSEK<\/strong>, <strong>AUTOSAR<\/strong>), die Applikative Ebene der Anwendung zum Gesamtsystem sowie die Diagnoseumf\u00e4nge (<strong>UDS ISO 14229<\/strong>, <strong>KWP2000<\/strong>, <strong>VWTP2.0<\/strong>) der Steuerger\u00e4te unserer Kunden sichern wir somit ab<\/p>\n<\/div><\/section>\n<\/div><\/div><\/div><!-- close content main div --><\/div><\/div><div id='av-layout-grid-3'  class='av-layout-grid-container av-6pkfq9-55de00b31ea4af846d982ec59d79fd34 entry-content-wrapper main_color av-flex-cells  avia-builder-el-11  el_after_av_textblock  avia-builder-el-last  grid-row-not-first  container_wrap sidebar_right'  >\n\n<style type=\"text\/css\" data-created_by=\"avia_inline_auto\" id=\"style-css-av-6iphap-9bc051418c9a3ff5b6928ad2b9d43229\">\n.flex_cell.av-6iphap-9bc051418c9a3ff5b6928ad2b9d43229{\nvertical-align:middle;\nheight:500px;\nmin-height:500px;\npadding:80px 80px 80px 80px;\nbackground-color:#22689e;\n}\n<\/style>\n<div class='flex_cell av_one_half av-6iphap-9bc051418c9a3ff5b6928ad2b9d43229 no_margin  avia-builder-el-12  el_before_av_cell_one_half  avia-builder-el-first  avia-full-stretch' ><div class='flex_cell_inner'><p>\n<style type=\"text\/css\" data-created_by=\"avia_inline_auto\" id=\"style-css-av-av_heading-7ff4d7d9478b8735f6d205ac225b9eb0\">\n#top .av-special-heading.av-av_heading-7ff4d7d9478b8735f6d205ac225b9eb0{\npadding-bottom:25px;\ncolor:#ffffff;\nfont-size:34px;\n}\nbody .av-special-heading.av-av_heading-7ff4d7d9478b8735f6d205ac225b9eb0 .av-special-heading-tag .heading-char{\nfont-size:25px;\n}\n#top #wrap_all .av-special-heading.av-av_heading-7ff4d7d9478b8735f6d205ac225b9eb0 .av-special-heading-tag{\nfont-size:34px;\n}\n.av-special-heading.av-av_heading-7ff4d7d9478b8735f6d205ac225b9eb0 .special-heading-inner-border{\nborder-color:#ffffff;\n}\n.av-special-heading.av-av_heading-7ff4d7d9478b8735f6d205ac225b9eb0 .av-subheading{\nfont-size:15px;\n}\n<\/style>\n<div  class='av-special-heading av-av_heading-7ff4d7d9478b8735f6d205ac225b9eb0 av-special-heading-h3 custom-color-heading blockquote modern-quote  avia-builder-el-13  el_before_av_textblock  avia-builder-el-first  av-inherit-size'><h3 class='av-special-heading-tag'  itemprop=\"headline\"  >Zusammenfassend ein \u00dcberblick \u00fcber das Kompetenzportfolio von CIAS im Bereich Engineering Services:<\/h3><div class=\"special-heading-border\"><div class=\"special-heading-inner-border\"><\/div><\/div><\/div><br \/>\n\n<style type=\"text\/css\" data-created_by=\"avia_inline_auto\" id=\"style-css-av-67sbqx-c329a544b62e5bf6e4deb92a10497c2b\">\n#top .av_textblock_section.av-67sbqx-c329a544b62e5bf6e4deb92a10497c2b .avia_textblock{\ncolor:#ffffff;\n}\n<\/style>\n<section  class='av_textblock_section av-67sbqx-c329a544b62e5bf6e4deb92a10497c2b'  itemscope=\"itemscope\" itemtype=\"https:\/\/schema.org\/CreativeWork\" ><div class='avia_textblock av_inherit_color'  itemprop=\"text\" ><ul>\n<li>Termin- und Ressourcenplanung, Steuerung und Monitoring<\/li>\n<li>Unterstz\u00fctzung bei Materialplanung<\/li>\n<li>Projektcontrolling<\/li>\n<li>Zulieferermanagement<\/li>\n<li>Projektmanagement<\/li>\n<li>Softwareentwicklung (C-, C++-, Java-, Assembler-Programmierung)<\/li>\n<li>Projektdokumentation und \u2013pr\u00e4sentation<\/li>\n<li>Konfiguration<\/li>\n<li>Qualit\u00e4tsmanagement<\/li>\n<\/ul>\n<\/div><\/section><\/p>\n<\/div><\/div>\n<style type=\"text\/css\" data-created_by=\"avia_inline_auto\" id=\"style-css-av-6391nt-608a747a1219527f5fc88c46f512ea51\">\n.flex_cell.av-6391nt-608a747a1219527f5fc88c46f512ea51{\nvertical-align:middle;\nheight:500px;\nmin-height:500px;\npadding:80px 80px 80px 80px;\nbackground:url(https:\/\/www.cias-online.com\/wp-content\/uploads\/2020\/11\/Fotolia_395261_M.jpg) 100% 50% no-repeat scroll #22689e;\n}\n<\/style>\n<div class='flex_cell av_one_half av-6391nt-608a747a1219527f5fc88c46f512ea51 no_margin  avia-builder-el-15  el_after_av_cell_one_half  avia-builder-el-last  avia-full-stretch' ><div class='flex_cell_inner'><\/div><\/div><\/div>\n","protected":false},"excerpt":{"rendered":"","protected":false},"author":1,"featured_media":0,"parent":0,"menu_order":0,"comment_status":"closed","ping_status":"closed","template":"","meta":{"footnotes":""},"class_list":["post-961","page","type-page","status-publish","hentry"],"_links":{"self":[{"href":"https:\/\/www.cias-online.com\/index.php?rest_route=\/wp\/v2\/pages\/961","targetHints":{"allow":["GET"]}}],"collection":[{"href":"https:\/\/www.cias-online.com\/index.php?rest_route=\/wp\/v2\/pages"}],"about":[{"href":"https:\/\/www.cias-online.com\/index.php?rest_route=\/wp\/v2\/types\/page"}],"author":[{"embeddable":true,"href":"https:\/\/www.cias-online.com\/index.php?rest_route=\/wp\/v2\/users\/1"}],"replies":[{"embeddable":true,"href":"https:\/\/www.cias-online.com\/index.php?rest_route=%2Fwp%2Fv2%2Fcomments&post=961"}],"version-history":[{"count":5,"href":"https:\/\/www.cias-online.com\/index.php?rest_route=\/wp\/v2\/pages\/961\/revisions"}],"predecessor-version":[{"id":1206,"href":"https:\/\/www.cias-online.com\/index.php?rest_route=\/wp\/v2\/pages\/961\/revisions\/1206"}],"wp:attachment":[{"href":"https:\/\/www.cias-online.com\/index.php?rest_route=%2Fwp%2Fv2%2Fmedia&parent=961"}],"curies":[{"name":"wp","href":"https:\/\/api.w.org\/{rel}","templated":true}]}}